{"id":813,"date":"2017-04-11T15:42:31","date_gmt":"2017-04-11T13:42:31","guid":{"rendered":"https:\/\/www.mlodziez.wzp.pl\/?page_id=813"},"modified":"2024-04-10T10:11:48","modified_gmt":"2024-04-10T08:11:48","slug":"europejski-tydzien-mlodziezy","status":"publish","type":"page","link":"https:\/\/www.mlodziez.wzp.pl\/en\/europejski-tydzien-mlodziezy\/","title":{"rendered":"(Polski) Europejski Tydzie\u0144 M\u0142odzie\u017cy 2019"},"content":{"rendered":"<p class=\"qtranxs-available-languages-message qtranxs-available-languages-message-en\">Sorry, this entry is only available in <a href=\"https:\/\/www.mlodziez.wzp.pl\/pl\/wp-json\/wp\/v2\/pages\/813\" class=\"qtranxs-available-language-link qtranxs-available-language-link-pl\" title=\"Polski\">Polski<\/a>.<\/p>","protected":false},"excerpt":{"rendered":"<p>Sorry, this entry is only available in Polski.<\/p>\n","protected":false},"author":11,"featured_media":0,"parent":0,"menu_order":0,"comment_status":"closed","ping_status":"closed","template":"","meta":{"_acf_changed":false,"ngg_post_thumbnail":0,"h5ap_radio_sources":[],"footnotes":""},"class_list":["post-813","page","type-page","status-publish","hentry"],"acf":[],"aioseo_notices":[],"_links":{"self":[{"href":"https:\/\/www.mlodziez.wzp.pl\/en\/wp-json\/wp\/v2\/pages\/813","targetHints":{"allow":["GET"]}}],"collection":[{"href":"https:\/\/www.mlodziez.wzp.pl\/en\/wp-json\/wp\/v2\/pages"}],"about":[{"href":"https:\/\/www.mlodziez.wzp.pl\/en\/wp-json\/wp\/v2\/types\/page"}],"author":[{"embeddable":true,"href":"https:\/\/www.mlodziez.wzp.pl\/en\/wp-json\/wp\/v2\/users\/11"}],"replies":[{"embeddable":true,"href":"https:\/\/www.mlodziez.wzp.pl\/en\/wp-json\/wp\/v2\/comments?post=813"}],"version-history":[{"count":22,"href":"https:\/\/www.mlodziez.wzp.pl\/en\/wp-json\/wp\/v2\/pages\/813\/revisions"}],"predecessor-version":[{"id":5569,"href":"https:\/\/www.mlodziez.wzp.pl\/en\/wp-json\/wp\/v2\/pages\/813\/revisions\/5569"}],"wp:attachment":[{"href":"https:\/\/www.mlodziez.wzp.pl\/en\/wp-json\/wp\/v2\/media?parent=813"}],"curies":[{"name":"wp","href":"https:\/\/api.w.org\/{rel}","templated":true}]}}