{"id":65,"date":"2016-08-13T22:53:07","date_gmt":"2016-08-13T20:53:07","guid":{"rendered":"https:\/\/www.mlodziez.wzp.pl\/?page_id=65"},"modified":"2016-10-17T13:56:32","modified_gmt":"2016-10-17T11:56:32","slug":"galeria","status":"publish","type":"page","link":"https:\/\/www.mlodziez.wzp.pl\/en\/galeria\/","title":{"rendered":"Gallery"},"content":{"rendered":"<p><\/p>\n<h1>Gallery<\/h1>\n<p>Testowa galeria zdj\u0119\u0107 &#8211; galeria podstawowa responsywna:<\/p>\n<p><\/p>\n<p>&nbsp;<\/p>\n<p>Testowa galeria zdj\u0119\u0107 &#8211; galeria <strong>Mosaic<\/strong>:<\/p>\n<p><\/p>\n<p>&nbsp;<\/p>\n<p>Testowa galeria zdj\u0119\u0107 &#8211; galeria <strong>Mansonary<\/strong>:<\/p>\n<p><\/p>\n<p>&nbsp;<\/p>\n<p>Inna forma prezentacji galerii z wykorzystaniem Sldiera:<\/p>\n<p><\/p>\n<p><\/p>","protected":false},"excerpt":{"rendered":"<p>Gallery Testowa galeria zdj\u0119\u0107 &#8211; galeria podstawowa responsywna: &nbsp; Testowa galeria zdj\u0119\u0107 &#8211; galeria Mosaic: &nbsp; Testowa galeria zdj\u0119\u0107 [&hellip;]<\/p>\n","protected":false},"author":1,"featured_media":0,"parent":0,"menu_order":0,"comment_status":"closed","ping_status":"closed","template":"","meta":{"_acf_changed":false,"ngg_post_thumbnail":0,"h5ap_radio_sources":[],"footnotes":""},"class_list":["post-65","page","type-page","status-publish","hentry"],"acf":[],"aioseo_notices":[],"_links":{"self":[{"href":"https:\/\/www.mlodziez.wzp.pl\/en\/wp-json\/wp\/v2\/pages\/65","targetHints":{"allow":["GET"]}}],"collection":[{"href":"https:\/\/www.mlodziez.wzp.pl\/en\/wp-json\/wp\/v2\/pages"}],"about":[{"href":"https:\/\/www.mlodziez.wzp.pl\/en\/wp-json\/wp\/v2\/types\/page"}],"author":[{"embeddable":true,"href":"https:\/\/www.mlodziez.wzp.pl\/en\/wp-json\/wp\/v2\/users\/1"}],"replies":[{"embeddable":true,"href":"https:\/\/www.mlodziez.wzp.pl\/en\/wp-json\/wp\/v2\/comments?post=65"}],"version-history":[{"count":9,"href":"https:\/\/www.mlodziez.wzp.pl\/en\/wp-json\/wp\/v2\/pages\/65\/revisions"}],"predecessor-version":[{"id":289,"href":"https:\/\/www.mlodziez.wzp.pl\/en\/wp-json\/wp\/v2\/pages\/65\/revisions\/289"}],"wp:attachment":[{"href":"https:\/\/www.mlodziez.wzp.pl\/en\/wp-json\/wp\/v2\/media?parent=65"}],"curies":[{"name":"wp","href":"https:\/\/api.w.org\/{rel}","templated":true}]}}