{"id":5744,"date":"2024-09-12T11:14:45","date_gmt":"2024-09-12T09:14:45","guid":{"rendered":"https:\/\/www.mlodziez.wzp.pl\/?page_id=5744"},"modified":"2025-01-16T15:31:53","modified_gmt":"2025-01-16T14:31:53","slug":"projekt-south-baltic-manta","status":"publish","type":"page","link":"https:\/\/www.mlodziez.wzp.pl\/en\/projekt-south-baltic-manta\/","title":{"rendered":"Project South Baltic MANTA"},"content":{"rendered":"<p><\/p>\n<p><strong><span class=\"jCAhz ChMk0b\"><span class=\"ryNqvb\">We would like to share with you information about a new international project!<\/span><\/span><\/strong><\/p>\n<p><span class=\"jCAhz ChMk0b\"><span class=\"ryNqvb\">The Secretariat for Youth of the West Pomeranian Voivodeship has joined an international cooperation project in the field of nature and tourism education, called &#8220;SB MANTA &#8211; South Baltic natural and cultural heritage assets management as tourist attractions&#8221;.<\/span><\/span><\/p>\n<p><img loading=\"lazy\" decoding=\"async\" class=\"alignnone size-large wp-image-5785\" src=\"https:\/\/www.mlodziez.wzp.pl\/wp-content\/uploads\/2024\/12\/SB-MANTA-logo-multicolor-PNG-01-1024x273.png\" alt=\"\" width=\"1024\" height=\"273\"><\/p>\n<p><span class=\"jCAhz ChMk0b\"><span class=\"ryNqvb\">We are implementing the SB MANTA project on behalf of the West Pomeranian Voivodeship.<\/span><\/span><span class=\"jCAhz ChMk0b\"><span class=\"ryNqvb\"> In the project, we will try not so much to influence the number of tourists visiting the most valuable natural attractions of the southern Baltic coast, but above all to change the approach of tourists and residents to nature conservation in our regions.<\/span><\/span><\/p>\n<p><span class=\"jCAhz\"><span class=\"ryNqvb\">Part of the project is international, regional and local workshops, foreign study trips to Danish and Swedish protected areas, joint development of plans and concepts for implementing new attractions for visitors, various scientific and social studies.<\/span><\/span> <span class=\"jCAhz\"><span class=\"ryNqvb\">However, the project also assumes the creation of&nbsp; multifunctional educational platforms, located in important points of parks in Lithuania and Poland, which will be available since the second half of 2026.<\/span><\/span><\/p>\n<p><span class=\"jCAhz\"><span class=\"ryNqvb\">In addition to them, the project will deliver a cross-border offer of active leisure time in valuable natural areas in the South Baltic region, for people of all ages who want to help maintain the beauty and values \u200b\u200bof our unique nature.<\/span><\/span><\/p>\n<p><span class=\"jCAhz\"><span class=\"ryNqvb\">We will regularly inform you about the project activities and invite you to participate, and even to interesting trips!<\/span><\/span><\/p>\n<p><span class=\"jCAhz\"><span class=\"ryNqvb\">The MANTA project will be implemented until June 30, 2027. <\/span><\/span><\/p>\n<p><span class=\"jCAhz\"><span class=\"ryNqvb\">The total budget of the project is 1.66 million Euro, including 158,000 Euro from the budget of the West Pomeranian Voivodeship.<\/span><\/span> <span class=\"jCAhz\"><span class=\"ryNqvb\">The project is 80% co-financed by the European Union, under the Interreg South Baltic Programme 2021-2027.<\/span><\/span><\/p>\n<p>&nbsp;<\/p>\n<p><strong><span class=\"jCAhz\"><span class=\"ryNqvb\">Project background &#8211; why did we start working on it?<\/span><\/span><\/strong><span class=\"jCAhz\"><span class=\"ryNqvb\"> <br \/>\nThe natural richness of the region proves its attractiveness and is undoubtedly a common natural heritage for all generations.<\/span><\/span><span class=\"jCAhz\"><span class=\"ryNqvb\"> The most valuable natural areas often struggle with the rapid development of tourism, but after all, they are protected due to their natural value and attractiveness, which in itself is a magnet for visitors.<\/span><\/span><\/p>\n<p><span class=\"jCAhz ChMk0b\"><span class=\"ryNqvb\">People want to see unique and beautiful places, they want to relax in a healthy environment, they want to have nice photos and boast that they have been to famous places.<\/span><\/span> <span class=\"jCAhz\"><span class=\"ryNqvb\">School trips, aimed at education and integration, also visit areas with valuable natural features.<\/span><\/span> <span class=\"jCAhz ChMk0b\"><span class=\"ryNqvb\">Young people, including students, couples, groups, and finally also the inhabitants of the regions themselves &#8211; all look for places where they can truly regenerate and relax in the bosom of nature.<\/span><\/span><\/p>\n<p><span class=\"jCAhz\"><span class=\"ryNqvb\">Tourist services are developing around parks, reserves and Natura 2000 areas.<\/span><\/span> <span class=\"jCAhz\"><span class=\"ryNqvb\">Local business is developing.<\/span><\/span> <span class=\"jCAhz ChMk0b\"><span class=\"ryNqvb\">More and more tourists are coming, and finally the natural environment is under increasing pressure.<\/span><\/span> <span class=\"jCAhz\"><span class=\"ryNqvb\">So the question arises whether and how it can be better protected.<\/span><\/span><span class=\"jCAhz ChMk0b\"><span class=\"ryNqvb\"> Restrictions, prohibitions, rigid rules for using protected areas seem to bother some people: visitors cannot enter everywhere, and here a garbage can would be useful, or maybe another hotel would be useful, but it is not allowed to build here&#8230; Residents, on the other hand, would prefer that their towns be visited by people who appreciate the nature that surrounds them and that they take better care of their surroundings, do not litter, do not destroy.<\/span><\/span> <span class=\"jCAhz ChMk0b\"><span class=\"ryNqvb\">Europe needs solutions that can reconcile tourism and nature protection.<\/span><\/span><\/p>\n<p><span class=\"jCAhz ChMk0b\"><span class=\"ryNqvb\">It turns out that this can be remedied through cooperation between institutions and people involved in nature conservation with residents and local tourism businesses.<\/span><\/span> <span class=\"jCAhz ChMk0b\"><span class=\"ryNqvb\">It is possible to propose ways of spending free time that will contribute to the development of sustainable, resilient tourism, will still allow residents and local businesses to earn money, but will also attract visitors who care about the state of the environment and the preservation of nature &#8211; more aware and caring.<\/span><\/span><\/p>\n<p><span class=\"jCAhz ChMk0b\"><span class=\"ryNqvb\">This provided the basis for implementing the idea of \u200b\u200bthe project &#8220;SB MANTA &#8211; South Baltic natural and cultural heritage assets management as tourist attractions&#8221;. The acronym MANTA refers to the word &#8220;maintain&#8221; &#8211; to maintain, preserve, keep in good condition. The aim of the project is to transform nature protection and conservation activities into volunteer and educational activities and into new pro-ecological attractions, based on regional nature, culture and traditions, constituting the basis for improving the quality of life of the region&#8217;s inhabitants and enriching the region&#8217;s offer. This means that as part of spending holidays, weekends or even a short visit to the parks, it will be possible to get involved in the conservation and maintenance of nature and leave a positive mark in the form of simple work done independently or together with park employees.<\/span><\/span><\/p>\n<p>&nbsp;<\/p>\n<p><span class=\"jCAhz ChMk0b\"><span class=\"ryNqvb\"><strong>The aspect of education and raising awareness &#8211; why is it important for young people?<\/strong> <br \/>\n<\/span><\/span><span class=\"jCAhz ChMk0b\"><span class=\"ryNqvb\">Young people living in the South Baltic area live in a region that is extremely attractive in terms of nature, very valuable and dynamically changing.<\/span><\/span> <span class=\"jCAhz\"><span class=\"ryNqvb\">Today, they enjoy the nature of national and landscape parks, go on trips, want to spend time in beautiful, well-known places where you can relax, take a great photo and share it online.<\/span><\/span><span class=\"jCAhz\"><span class=\"ryNqvb\"> Soon they will work, maybe run their own businesses &#8211; for some of them this natural heritage will become the basis for earning money.<\/span><\/span><span class=\"jCAhz\"><span class=\"ryNqvb\"> Soon, because time flies, they will create their own families here and even if they do not think about it today, they will want their children to have beautiful surroundings and for nature not to be just a monument.<\/span><\/span><\/p>\n<p><span class=\"jCAhz\"><span class=\"ryNqvb\">What is needed here?&nbsp; Constant, systemic awareness of why it is worth protecting natural and cultural values \u200b\u200band encouraging them to get involved in their protection from a young age. <\/span><\/span><span class=\"jCAhz\"><span class=\"ryNqvb\">Environmental education targeting young people is a key aspect of influencing the ecological awareness of European societies.<\/span><\/span> <span class=\"jCAhz\"><span class=\"ryNqvb\">And what is the best way to learn about nature?<\/span><\/span> <span class=\"jCAhz\"><span class=\"ryNqvb\">By acting!<\/span><\/span><\/p>\n<p>&nbsp;<\/p>\n<p><strong><span class=\"jCAhz\"><span class=\"ryNqvb\">Project partnership<\/span><\/span><\/strong><\/p>\n<p><span class=\"jCAhz\"><span class=\"ryNqvb\">MANTA project partnership involves partners from Lithuania, Poland and Germany, as well as associated partners from Sweden and Denmark.<\/span><\/span> <span class=\"jCAhz\"><span class=\"ryNqvb\">The lead partner is the Directorate of Protected Areas of Lithuania Minor (Ma\u017eosios Lietuvos saugom\u0173 teritorij\u0173 direkcija).<\/span><\/span> <span class=\"jCAhz\"><span class=\"ryNqvb\">Their headquarters are located in the picturesque Seaside Regional Park, just a few kilometres east of Klaip\u0117da.<\/span><\/span><span class=\"jCAhz\"><span class=\"ryNqvb\"> Other Lithuanian project partners include the Curonian Spit National Park based in Klaip\u0117da, the European Coastal Union EUCC \u2013 Baltic Office based in Klaip\u0117da.<\/span><\/span> <span class=\"jCAhz ChMk0b\"><span class=\"ryNqvb\">The project partners also include the German European Coastal Union EUCC &#8211; The Coastal Union Germany based in Rostock.<\/span><\/span><span class=\"jCAhz ChMk0b\"><span class=\"ryNqvb\"> The Polish partners, apart from the West Pomeranian Voivodeship represented by the Youth Secretariat, are the well-known Polish coastal parks: S\u0142owi\u0144ski National Park and Woli\u0144ski National Park.<\/span><\/span><\/p>\n<p><span class=\"jCAhz ChMk0b\"><span class=\"ryNqvb\">The project is characterised by a high level of involvement of associated partners, among whom scientific institutions, non-governmental organisations, national parks and local governments from Poland, Lithuania, Denmark, Sweden and Germany have declared their active participation in the implementation of tasks and goals.<\/span><\/span><\/p>\n<p>&nbsp;<\/p>\n<p><strong><span class=\"jCAhz ChMk0b\"><span class=\"ryNqvb\">What will the Secretariat for Youth offer to young residents of West Pomerania, by implementing the MANTA project?<\/span><\/span><\/strong><\/p>\n<p><span class=\"jCAhz\"><span class=\"ryNqvb\">As part of the project, the task of The Secretariat for Youth of the West Pomeranian Voivodeship will be to increase the participation of young people in active activities, to improve the state of the environment and to engage young people in the social movement for natural and cultural heritage and sustainable development of the region.<\/span><\/span><\/p>\n<ul>\n<li><span class=\"jCAhz\"><span class=\"ryNqvb\">We will organize international youth exchanges with Lithuania, Germany, Sweden.<\/span><\/span><span class=\"jCAhz\"><span class=\"ryNqvb\"> &#8211;<\/span><\/span><\/li>\n<li><span class=\"jCAhz\"><span class=\"ryNqvb\">We will conduct workshops, lectures and ecological competitions for young people, independently and in cooperation with experts, national parks, landscape and regional parks in partner countries.<\/span><\/span><\/li>\n<li><span class=\"jCAhz\"><span class=\"ryNqvb\">We will invite young people to participate in research on modern tools for introducing to the market and promoting new ecological tourist attractions.<\/span><\/span> <span class=\"jCAhz\"><span class=\"ryNqvb\">This research will be conducted by research centers in Poland and Lithuania &#8211; in countries with a high rate of digitalization and service innovation.<\/span><\/span><span class=\"jCAhz ChMk0b\"><span class=\"ryNqvb\">&nbsp;<\/span><\/span><\/li>\n<li><span class=\"jCAhz ChMk0b\"><span class=\"ryNqvb\"> We will organize tours and pilot excursions, during which we will engage with young people in nature protection and test new attractions.<\/span><\/span><span class=\"jCAhz ChMk0b\"><span class=\"ryNqvb\">&nbsp;<\/span><\/span><\/li>\n<li><span class=\"jCAhz ChMk0b\"><span class=\"ryNqvb\"> The offer of project activities will include various regional and international pro-ecological events and initiatives, including those invented by young people.<\/span><\/span><\/li>\n<\/ul>\n<p><span class=\"jCAhz ChMk0b\"><span class=\"ryNqvb\">All this will contribute to increased participation of the age group 13-35 in the implementation of the ecological policy of the West Pomeranian Voivodeship.<\/span><\/span><\/p>\n<p>Stay tuned \ud83d\ude42&nbsp;<\/p>\n<p><\/p>","protected":false},"excerpt":{"rendered":"<p>We would like to share with you information about a new international project! The Secretariat for Youth of the [&hellip;]<\/p>\n","protected":false},"author":16,"featured_media":0,"parent":0,"menu_order":0,"comment_status":"closed","ping_status":"closed","template":"","meta":{"_acf_changed":false,"ngg_post_thumbnail":0,"h5ap_radio_sources":[],"footnotes":""},"class_list":["post-5744","page","type-page","status-publish","hentry"],"acf":[],"aioseo_notices":[],"_links":{"self":[{"href":"https:\/\/www.mlodziez.wzp.pl\/en\/wp-json\/wp\/v2\/pages\/5744","targetHints":{"allow":["GET"]}}],"collection":[{"href":"https:\/\/www.mlodziez.wzp.pl\/en\/wp-json\/wp\/v2\/pages"}],"about":[{"href":"https:\/\/www.mlodziez.wzp.pl\/en\/wp-json\/wp\/v2\/types\/page"}],"author":[{"embeddable":true,"href":"https:\/\/www.mlodziez.wzp.pl\/en\/wp-json\/wp\/v2\/users\/16"}],"replies":[{"embeddable":true,"href":"https:\/\/www.mlodziez.wzp.pl\/en\/wp-json\/wp\/v2\/comments?post=5744"}],"version-history":[{"count":7,"href":"https:\/\/www.mlodziez.wzp.pl\/en\/wp-json\/wp\/v2\/pages\/5744\/revisions"}],"predecessor-version":[{"id":5811,"href":"https:\/\/www.mlodziez.wzp.pl\/en\/wp-json\/wp\/v2\/pages\/5744\/revisions\/5811"}],"wp:attachment":[{"href":"https:\/\/www.mlodziez.wzp.pl\/en\/wp-json\/wp\/v2\/media?parent=5744"}],"curies":[{"name":"wp","href":"https:\/\/api.w.org\/{rel}","templated":true}]}}