{"id":4088,"date":"2022-03-02T14:03:54","date_gmt":"2022-03-02T13:03:54","guid":{"rendered":"https:\/\/www.mlodziez.wzp.pl\/?page_id=4088"},"modified":"2022-03-09T14:54:30","modified_gmt":"2022-03-09T13:54:30","slug":"szkolenia-dla-nauczycieli-pedagogow-opiekunow-dzieciecych","status":"publish","type":"page","link":"https:\/\/www.mlodziez.wzp.pl\/en\/pomoc-psychologiczno-pedagogiczna-dla-dzieci-i-mlodziezy-z-ukrainy\/szkolenia-dla-nauczycieli-pedagogow-opiekunow-dzieciecych\/","title":{"rendered":"(Polski) Szkolenia dla nauczycieli, pedagog\u00f3w, opiekun\u00f3w dzieci\u0119cych"},"content":{"rendered":"<p class=\"qtranxs-available-languages-message qtranxs-available-languages-message-en\">Sorry, this entry is only available in <a href=\"https:\/\/www.mlodziez.wzp.pl\/pl\/wp-json\/wp\/v2\/pages\/4088\" class=\"qtranxs-available-language-link qtranxs-available-language-link-pl\" title=\"Polski\">Polski<\/a>.<\/p>","protected":false},"excerpt":{"rendered":"<p>Sorry, this entry is only available in Polski.<\/p>\n","protected":false},"author":3,"featured_media":0,"parent":4081,"menu_order":0,"comment_status":"closed","ping_status":"closed","template":"","meta":{"_acf_changed":false,"ngg_post_thumbnail":0,"h5ap_radio_sources":[],"footnotes":""},"class_list":["post-4088","page","type-page","status-publish","hentry"],"acf":[],"aioseo_notices":[],"_links":{"self":[{"href":"https:\/\/www.mlodziez.wzp.pl\/en\/wp-json\/wp\/v2\/pages\/4088","targetHints":{"allow":["GET"]}}],"collection":[{"href":"https:\/\/www.mlodziez.wzp.pl\/en\/wp-json\/wp\/v2\/pages"}],"about":[{"href":"https:\/\/www.mlodziez.wzp.pl\/en\/wp-json\/wp\/v2\/types\/page"}],"author":[{"embeddable":true,"href":"https:\/\/www.mlodziez.wzp.pl\/en\/wp-json\/wp\/v2\/users\/3"}],"replies":[{"embeddable":true,"href":"https:\/\/www.mlodziez.wzp.pl\/en\/wp-json\/wp\/v2\/comments?post=4088"}],"version-history":[{"count":12,"href":"https:\/\/www.mlodziez.wzp.pl\/en\/wp-json\/wp\/v2\/pages\/4088\/revisions"}],"predecessor-version":[{"id":4323,"href":"https:\/\/www.mlodziez.wzp.pl\/en\/wp-json\/wp\/v2\/pages\/4088\/revisions\/4323"}],"up":[{"embeddable":true,"href":"https:\/\/www.mlodziez.wzp.pl\/en\/wp-json\/wp\/v2\/pages\/4081"}],"wp:attachment":[{"href":"https:\/\/www.mlodziez.wzp.pl\/en\/wp-json\/wp\/v2\/media?parent=4088"}],"curies":[{"name":"wp","href":"https:\/\/api.w.org\/{rel}","templated":true}]}}